{"id":36,"date":"2023-08-08T09:37:49","date_gmt":"2023-08-08T09:37:49","guid":{"rendered":"https:\/\/koemmerling-fenster.ch\/?page_id=36"},"modified":"2023-08-09T07:35:08","modified_gmt":"2023-08-09T07:35:08","slug":"1-round-table-2","status":"publish","type":"page","link":"https:\/\/koemmerling-fenster.ch\/index.php\/1-round-table-2\/","title":{"rendered":"1. Table Ronde"},"content":{"rendered":"\n<p>C\u2019est avec plaisir que nous vous invitons chers clients, \u00e0 notre premi\u00e8re table ronde commune. Dans une atmosph\u00e8re d\u00e9tendue, nous souhaitons engager un dialogue avec vous et discuter des tendances actuelles du march\u00e9, des probl\u00e9matiques techniques et aborder des questions strat\u00e9giques.<\/p>\n\n\n\n<p>Mardi 07.11.2023 de 09:00 \u00e0 13:30 heures env.<\/p>\n\n\n\n<p>H\u00f4tel Egerkingen <a rel=\"noreferrer noopener\" href=\"https:\/\/goo.gl\/maps\/611TyJnMwSLDEF9N9\" target=\"_blank\">Carte<\/a><\/p>\n\n\n\n<h4 class=\"wp-block-heading\">Programme<\/h4>\n\n\n\n<p>9:00 Arriv\u00e9e et go\u00fbter<\/p>\n\n\n\n<p>09:30 \u00e0 12:30 Dialogue et \u00e9change<\/p>\n\n\n\n<p>12:30 \u00e0 13:30 D\u00e9jeuner<\/p>\n\n\n\n<h4 class=\"wp-block-heading\">Anmeldung <\/h4>\n\n\n<div class=\"wpforms-container wpforms-container-full wpforms-block wpforms-block-996c0bd0-4d16-4891-931e-975625253e9d wpforms-render-modern\" id=\"wpforms-52\"><form id=\"wpforms-form-52\" class=\"wpforms-validate wpforms-form wpforms-ajax-form\" data-formid=\"52\" method=\"post\" enctype=\"multipart\/form-data\" action=\"\/index.php\/wp-json\/wp\/v2\/pages\/36\" data-token=\"2331cf57ea7755dce6db2e80bc1f6195\" data-token-time=\"1776604138\"><noscript class=\"wpforms-error-noscript\">Bitte aktiviere JavaScript in deinem Browser, um dieses Formular fertigzustellen.<\/noscript><div class=\"wpforms-hidden\" id=\"wpforms-error-noscript\">Bitte aktiviere JavaScript in deinem Browser, um dieses Formular fertigzustellen.<\/div><div class=\"wpforms-field-container\"><div id=\"wpforms-52-field_1-container\" class=\"wpforms-field wpforms-field-name\" data-field-id=\"1\"><fieldset><legend class=\"wpforms-field-label\">Nom <span class=\"wpforms-required-label\" aria-hidden=\"true\">*<\/span><\/legend><div class=\"wpforms-field-row wpforms-field-medium\"><div class=\"wpforms-field-row-block wpforms-first wpforms-one-half\"><input type=\"text\" id=\"wpforms-52-field_1\" class=\"wpforms-field-name-first wpforms-field-required\" name=\"wpforms[fields][1][first]\" placeholder=\"Pr\u00e9nom\" aria-errormessage=\"wpforms-52-field_1-error\" required><label for=\"wpforms-52-field_1\" class=\"wpforms-field-sublabel after\">Vorname<\/label><\/div><div class=\"wpforms-field-row-block wpforms-one-half\"><input type=\"text\" id=\"wpforms-52-field_1-last\" class=\"wpforms-field-name-last wpforms-field-required\" name=\"wpforms[fields][1][last]\" placeholder=\"Nom de famille\" aria-errormessage=\"wpforms-52-field_1-last-error\" required><label for=\"wpforms-52-field_1-last\" class=\"wpforms-field-sublabel after\">Nachname<\/label><\/div><\/div><\/fieldset><\/div><div id=\"wpforms-52-field_4-container\" class=\"wpforms-field wpforms-field-name\" data-field-id=\"4\"><label class=\"wpforms-field-label\" for=\"wpforms-52-field_4\">Soci\u00e9t\u00e9 <span class=\"wpforms-required-label\" aria-hidden=\"true\">*<\/span><\/label><input type=\"text\" id=\"wpforms-52-field_4\" class=\"wpforms-field-medium wpforms-field-required\" name=\"wpforms[fields][4]\" aria-errormessage=\"wpforms-52-field_4-error\" required><\/div><div id=\"wpforms-52-field_3-container\" class=\"wpforms-field wpforms-field-email\" data-field-id=\"3\"><label class=\"wpforms-field-label\" for=\"wpforms-52-field_3\">E-Mail <span class=\"wpforms-required-label\" aria-hidden=\"true\">*<\/span><\/label><input type=\"email\" id=\"wpforms-52-field_3\" class=\"wpforms-field-medium wpforms-field-required\" name=\"wpforms[fields][3]\" spellcheck=\"false\" aria-errormessage=\"wpforms-52-field_3-error\" required><\/div><div id=\"wpforms-52-field_5-container\" class=\"wpforms-field wpforms-field-gdpr-checkbox\" data-field-id=\"5\"><label class=\"wpforms-field-label\">Accord pour la protection des donn\u00e9es <span class=\"wpforms-required-label\" aria-hidden=\"true\">*<\/span><\/label><ul id=\"wpforms-52-field_5\" class=\"wpforms-field-required\"><li class=\"choice-1\"><input type=\"checkbox\" id=\"wpforms-52-field_5_1\" name=\"wpforms[fields][5][]\" value=\"En m\u2019inscrivant, j\u2019autorise profine (Schweiz) AG \u00e0 traiter mes donn\u00e9es personnelles susmentionn\u00e9es dans le but de planifier et de participer \u00e0 la manifestation.\" aria-errormessage=\"wpforms-52-field_5_1-error\" required ><label class=\"wpforms-field-label-inline\" for=\"wpforms-52-field_5_1\">En m\u2019inscrivant, j\u2019autorise profine (Schweiz) AG \u00e0 traiter mes donn\u00e9es personnelles susmentionn\u00e9es dans le but de planifier et de participer \u00e0 la manifestation.<\/label><\/li><\/ul><\/div><\/div><!-- .wpforms-field-container --><div class=\"wpforms-submit-container\" ><input type=\"hidden\" name=\"wpforms[id]\" value=\"52\"><input type=\"hidden\" name=\"page_title\" value=\"\"><input type=\"hidden\" name=\"page_url\" value=\"https:\/\/koemmerling-fenster.ch\/index.php\/wp-json\/wp\/v2\/pages\/36\"><input type=\"hidden\" name=\"url_referer\" value=\"\"><button type=\"submit\" name=\"wpforms[submit]\" id=\"wpforms-submit-52\" class=\"wpforms-submit\" data-alt-text=\"Envoyer...\" data-submit-text=\"S&#039;inscrire\" aria-live=\"assertive\" value=\"wpforms-submit\">S&#039;inscrire<\/button><img loading=\"lazy\" decoding=\"async\" src=\"https:\/\/koemmerling-fenster.ch\/wp-content\/plugins\/wpforms\/assets\/images\/submit-spin.svg\" class=\"wpforms-submit-spinner\" style=\"display: none;\" width=\"26\" height=\"26\" alt=\"Wird geladen\"><\/div><\/form><\/div>  <!-- .wpforms-container -->","protected":false},"excerpt":{"rendered":"<p>C\u2019est avec plaisir que nous vous invitons chers clients, \u00e0 notre premi\u00e8re table ronde commune. Dans une atmosph\u00e8re d\u00e9tendue, nous souhaitons engager un dialogue avec vous et discuter des tendances actuelles du march\u00e9, des probl\u00e9matiques techniques et aborder des questions strat\u00e9giques. Mardi 07.11.2023 de 09:00 \u00e0 13:30 heures env. H\u00f4tel Egerkingen Carte Programme 9:00 Arriv\u00e9e [&hellip;]<\/p>\n","protected":false},"author":1,"featured_media":0,"parent":0,"menu_order":0,"comment_status":"closed","ping_status":"closed","template":"","meta":{"footnotes":""},"class_list":["post-36","page","type-page","status-publish","hentry"],"_links":{"self":[{"href":"https:\/\/koemmerling-fenster.ch\/index.php\/wp-json\/wp\/v2\/pages\/36","targetHints":{"allow":["GET"]}}],"collection":[{"href":"https:\/\/koemmerling-fenster.ch\/index.php\/wp-json\/wp\/v2\/pages"}],"about":[{"href":"https:\/\/koemmerling-fenster.ch\/index.php\/wp-json\/wp\/v2\/types\/page"}],"author":[{"embeddable":true,"href":"https:\/\/koemmerling-fenster.ch\/index.php\/wp-json\/wp\/v2\/users\/1"}],"replies":[{"embeddable":true,"href":"https:\/\/koemmerling-fenster.ch\/index.php\/wp-json\/wp\/v2\/comments?post=36"}],"version-history":[{"count":4,"href":"https:\/\/koemmerling-fenster.ch\/index.php\/wp-json\/wp\/v2\/pages\/36\/revisions"}],"predecessor-version":[{"id":72,"href":"https:\/\/koemmerling-fenster.ch\/index.php\/wp-json\/wp\/v2\/pages\/36\/revisions\/72"}],"wp:attachment":[{"href":"https:\/\/koemmerling-fenster.ch\/index.php\/wp-json\/wp\/v2\/media?parent=36"}],"curies":[{"name":"wp","href":"https:\/\/api.w.org\/{rel}","templated":true}]}}