{"id":6,"date":"2023-08-08T09:09:03","date_gmt":"2023-08-08T09:09:03","guid":{"rendered":"https:\/\/koemmerling-fenster.ch\/?page_id=6"},"modified":"2025-04-11T12:31:03","modified_gmt":"2025-04-11T12:31:03","slug":"1-round-table","status":"publish","type":"page","link":"https:\/\/koemmerling-fenster.ch\/","title":{"rendered":"2. Round Table"},"content":{"rendered":"\n<p>Gerne laden wir Sie, unsere Kunden, zu unserem zweiten gemeinsamen Round Table ein. In entspannter Atmosph\u00e4re m\u00f6chten wir Ihnen unsere neuesten Produkte pr\u00e4sentieren und aktuelle Markttrends, technische Themen und strategische Fragestellungen er\u00f6rtern. Uns w\u00e4re es ein grosses Anliegen ebenfalls Kollegen aus den Bereichen Produktion, Verkauf und Montage begr\u00fcssen zu d\u00fcrfen. <\/p>\n\n\n\n<p>Dienstag den 03.06.2025 von 09:00 bis ca. 13:30 Uhr<\/p>\n\n\n\n<p>Hotel Egerkingen <a rel=\"noreferrer noopener\" href=\"https:\/\/goo.gl\/maps\/611TyJnMwSLDEF9N9\" target=\"_blank\">Karte<\/a><\/p>\n\n\n\n<h4 class=\"wp-block-heading\">Programm<\/h4>\n\n\n\n<div class=\"wp-block-group has-global-padding is-layout-constrained wp-block-group-is-layout-constrained\">\n<p>9:00 Uhr Eintreffen und Zn\u00fcni<\/p>\n\n\n\n<p>09:30 bis 12:30 Uhr Pr\u00e4sentation und Austausch<\/p>\n\n\n\n<p>12:30 bis 13:30 Uhr Mittagessen<\/p>\n<\/div>\n\n\n\n<h4 class=\"wp-block-heading\">Anmeldung <\/h4>\n\n\n<div class=\"wpforms-container wpforms-container-full wpforms-block wpforms-block-98d778f2-0c37-4003-a47d-6ccb2273cd5f wpforms-render-modern\" id=\"wpforms-9\"><form id=\"wpforms-form-9\" class=\"wpforms-validate wpforms-form wpforms-ajax-form\" data-formid=\"9\" method=\"post\" enctype=\"multipart\/form-data\" action=\"\/index.php\/wp-json\/wp\/v2\/pages\/6\" data-token=\"4dc4eaacf7ebb08c5b4eee5a7b969c48\" data-token-time=\"1776597966\"><noscript class=\"wpforms-error-noscript\">Bitte aktiviere JavaScript in deinem Browser, um dieses Formular fertigzustellen.<\/noscript><div class=\"wpforms-hidden\" id=\"wpforms-error-noscript\">Bitte aktiviere JavaScript in deinem Browser, um dieses Formular fertigzustellen.<\/div><div class=\"wpforms-field-container\"><div id=\"wpforms-9-field_1-container\" class=\"wpforms-field wpforms-field-name\" data-field-id=\"1\"><fieldset><legend class=\"wpforms-field-label\">Name <span class=\"wpforms-required-label\" aria-hidden=\"true\">*<\/span><\/legend><div class=\"wpforms-field-row wpforms-field-medium\"><div class=\"wpforms-field-row-block wpforms-first wpforms-one-half\"><input type=\"text\" id=\"wpforms-9-field_1\" class=\"wpforms-field-name-first wpforms-field-required\" name=\"wpforms[fields][1][first]\" aria-errormessage=\"wpforms-9-field_1-error\" required><label for=\"wpforms-9-field_1\" class=\"wpforms-field-sublabel after\">Vorname<\/label><\/div><div class=\"wpforms-field-row-block wpforms-one-half\"><input type=\"text\" id=\"wpforms-9-field_1-last\" class=\"wpforms-field-name-last wpforms-field-required\" name=\"wpforms[fields][1][last]\" aria-errormessage=\"wpforms-9-field_1-last-error\" required><label for=\"wpforms-9-field_1-last\" class=\"wpforms-field-sublabel after\">Nachname<\/label><\/div><\/div><\/fieldset><\/div><div id=\"wpforms-9-field_4-container\" class=\"wpforms-field wpforms-field-name\" data-field-id=\"4\"><label class=\"wpforms-field-label\" for=\"wpforms-9-field_4\">Firma <span class=\"wpforms-required-label\" aria-hidden=\"true\">*<\/span><\/label><input type=\"text\" id=\"wpforms-9-field_4\" class=\"wpforms-field-medium wpforms-field-required\" name=\"wpforms[fields][4]\" aria-errormessage=\"wpforms-9-field_4-error\" required><\/div><div id=\"wpforms-9-field_3-container\" class=\"wpforms-field wpforms-field-email\" data-field-id=\"3\"><label class=\"wpforms-field-label\" for=\"wpforms-9-field_3\">E-Mail <span class=\"wpforms-required-label\" aria-hidden=\"true\">*<\/span><\/label><input type=\"email\" id=\"wpforms-9-field_3\" class=\"wpforms-field-medium wpforms-field-required\" name=\"wpforms[fields][3]\" spellcheck=\"false\" aria-errormessage=\"wpforms-9-field_3-error\" required><\/div><div id=\"wpforms-9-field_7-container\" class=\"wpforms-field wpforms-field-richtext wpforms-field-medium\" data-field-id=\"7\"><fieldset><legend class=\"wpforms-field-label\">Weitere Teilnehmer:<\/legend><div id=\"wp-wpforms-9-field_7-wrap\" class=\"wp-core-ui wp-editor-wrap tmce-active\"><link rel='stylesheet' id='dashicons-css' href='https:\/\/koemmerling-fenster.ch\/wp-includes\/css\/dashicons.min.css?ver=6.9.4' media='all' \/>\n<link rel='stylesheet' id='editor-buttons-css' href='https:\/\/koemmerling-fenster.ch\/wp-includes\/css\/editor.min.css?ver=6.9.4' media='all' \/>\n<div id=\"wp-wpforms-9-field_7-editor-tools\" class=\"wp-editor-tools hide-if-no-js\"><div class=\"wp-editor-tabs\"><button type=\"button\" id=\"wpforms-9-field_7-tmce\" aria-pressed=\"true\" class=\"wp-switch-editor switch-tmce\" data-wp-editor-id=\"wpforms-9-field_7\">Visuell<\/button>\n<button type=\"button\" id=\"wpforms-9-field_7-html\" class=\"wp-switch-editor switch-html\" data-wp-editor-id=\"wpforms-9-field_7\">Code<\/button>\n<\/div>\n<\/div>\n<div id=\"wp-wpforms-9-field_7-editor-container\" class=\"wp-editor-container\"><div id=\"qt_wpforms-9-field_7_toolbar\" class=\"quicktags-toolbar hide-if-no-js\"><\/div><textarea class=\"wp-editor-area\" style=\"height: 120px\" autocomplete=\"off\" cols=\"40\" name=\"wpforms[fields][7]\" id=\"wpforms-9-field_7\"><\/textarea><\/div>\n<\/div>\n\n<\/fieldset><\/div><div id=\"wpforms-9-field_6-container\" class=\"wpforms-field wpforms-field-text\" data-field-id=\"6\"><input type=\"text\" id=\"wpforms-9-field_6\" class=\"wpforms-field-medium\" name=\"wpforms[fields][6]\" aria-errormessage=\"wpforms-9-field_6-error\" ><\/div><div id=\"wpforms-9-field_5-container\" class=\"wpforms-field wpforms-field-gdpr-checkbox\" data-field-id=\"5\"><label class=\"wpforms-field-label\">Einverst\u00e4ndniserkl\u00e4rung Datenschutz <span class=\"wpforms-required-label\" aria-hidden=\"true\">*<\/span><\/label><ul id=\"wpforms-9-field_5\" class=\"wpforms-field-required\"><li class=\"choice-1\"><input type=\"checkbox\" id=\"wpforms-9-field_5_1\" name=\"wpforms[fields][5][]\" value=\"Durch die Anmeldung willige ich in die Verarbeitung meiner vorgenannten personenbezogenen Daten zum Zwecke der Planung und Teilnahme an der Veranstaltung durch die profine (Schweiz) AG ein.\" aria-errormessage=\"wpforms-9-field_5_1-error\" required ><label class=\"wpforms-field-label-inline\" for=\"wpforms-9-field_5_1\">Durch die Anmeldung willige ich in die Verarbeitung meiner vorgenannten personenbezogenen Daten zum Zwecke der Planung und Teilnahme an der Veranstaltung durch die profine (Schweiz) AG ein.<\/label><\/li><\/ul><\/div><\/div><!-- .wpforms-field-container --><div class=\"wpforms-submit-container\" ><input type=\"hidden\" name=\"wpforms[id]\" value=\"9\"><input type=\"hidden\" name=\"page_title\" value=\"\"><input type=\"hidden\" name=\"page_url\" value=\"https:\/\/koemmerling-fenster.ch\/index.php\/wp-json\/wp\/v2\/pages\/6\"><input type=\"hidden\" name=\"url_referer\" value=\"\"><button type=\"submit\" name=\"wpforms[submit]\" id=\"wpforms-submit-9\" class=\"wpforms-submit\" data-alt-text=\"Senden\u2026\" data-submit-text=\"Anmelden\" aria-live=\"assertive\" value=\"wpforms-submit\">Anmelden<\/button><img loading=\"lazy\" decoding=\"async\" src=\"https:\/\/koemmerling-fenster.ch\/wp-content\/plugins\/wpforms\/assets\/images\/submit-spin.svg\" class=\"wpforms-submit-spinner\" style=\"display: none;\" width=\"26\" height=\"26\" alt=\"Wird geladen\"><\/div><\/form><\/div>  <!-- .wpforms-container -->","protected":false},"excerpt":{"rendered":"<p>Gerne laden wir Sie, unsere Kunden, zu unserem zweiten gemeinsamen Round Table ein. In entspannter Atmosph\u00e4re m\u00f6chten wir Ihnen unsere neuesten Produkte pr\u00e4sentieren und aktuelle Markttrends, technische Themen und strategische Fragestellungen er\u00f6rtern. Uns w\u00e4re es ein grosses Anliegen ebenfalls Kollegen aus den Bereichen Produktion, Verkauf und Montage begr\u00fcssen zu d\u00fcrfen. Dienstag den 03.06.2025 von 09:00 [&hellip;]<\/p>\n","protected":false},"author":1,"featured_media":0,"parent":0,"menu_order":0,"comment_status":"closed","ping_status":"closed","template":"","meta":{"footnotes":""},"class_list":["post-6","page","type-page","status-publish","hentry"],"_links":{"self":[{"href":"https:\/\/koemmerling-fenster.ch\/index.php\/wp-json\/wp\/v2\/pages\/6","targetHints":{"allow":["GET"]}}],"collection":[{"href":"https:\/\/koemmerling-fenster.ch\/index.php\/wp-json\/wp\/v2\/pages"}],"about":[{"href":"https:\/\/koemmerling-fenster.ch\/index.php\/wp-json\/wp\/v2\/types\/page"}],"author":[{"embeddable":true,"href":"https:\/\/koemmerling-fenster.ch\/index.php\/wp-json\/wp\/v2\/users\/1"}],"replies":[{"embeddable":true,"href":"https:\/\/koemmerling-fenster.ch\/index.php\/wp-json\/wp\/v2\/comments?post=6"}],"version-history":[{"count":13,"href":"https:\/\/koemmerling-fenster.ch\/index.php\/wp-json\/wp\/v2\/pages\/6\/revisions"}],"predecessor-version":[{"id":81,"href":"https:\/\/koemmerling-fenster.ch\/index.php\/wp-json\/wp\/v2\/pages\/6\/revisions\/81"}],"wp:attachment":[{"href":"https:\/\/koemmerling-fenster.ch\/index.php\/wp-json\/wp\/v2\/media?parent=6"}],"curies":[{"name":"wp","href":"https:\/\/api.w.org\/{rel}","templated":true}]}}