{"id":61,"date":"2023-08-08T15:13:27","date_gmt":"2023-08-08T15:13:27","guid":{"rendered":"https:\/\/koemmerling-fenster.ch\/?page_id=61"},"modified":"2023-08-08T15:13:27","modified_gmt":"2023-08-08T15:13:27","slug":"impressum-datenschutz","status":"publish","type":"page","link":"https:\/\/koemmerling-fenster.ch\/index.php\/impressum-datenschutz\/","title":{"rendered":"Impressum &#038; Datenschutz"},"content":{"rendered":"\n<p><strong>Impressum und Kontaktdaten des Verantwortlichen<\/strong><\/p>\n\n\n\n<p>profine (Schweiz) AG<\/p>\n\n\n\n<p>Herblingerstrasse 119<\/p>\n\n\n\n<p>CH-8207 Schaffhausen<\/p>\n\n\n\n<p>Tel.:&nbsp;+41 52 644 05 44<\/p>\n\n\n\n<p>E-Mail:&nbsp;<a href=\"mailto:info.ch@profine-group.com\">info.ch@profine-group.com<\/a><\/p>\n\n\n\n<p><strong>Speicherdauer und Datenl\u00f6schung<\/strong><\/p>\n\n\n\n<p>Wir speichern und bearbeiten Ihre Personendaten so lange, wie dies zur Erreichung des Zwecks ihrer Erhebung erforderlich oder gesetzlich vorgeschrieben ist. Danach werden Ihre Personendaten aus unseren Systemen gel\u00f6scht oder anonymisiert, sodass Sie nicht mehr identifiziert werden k\u00f6nnen.<\/p>\n\n\n\n<p><strong>Ihre Rechte<\/strong><\/p>\n\n\n\n<p>Sie haben das Recht, Auskunft \u00fcber Ihre von uns bearbeiteten Personendaten zu erhalten. Sie k\u00f6nnen uns Ihr Auskunftsbegehren schriftlich und unter Beilage einer Kopie Ihrer Identit\u00e4tskarte oder Ihres Passes an unsere Postadresse zustellen (siehe Kontaktdaten des Verantwortlichen).<\/p>\n\n\n\n<p>Ebenso haben Sie das Recht, die Berichtigung von unrichtigen Personendaten zu verlangen. Sie haben auch Anspruch auf L\u00f6schung Ihrer Personendaten, sofern wir aufgrund der geltenden Gesetze und Vorschriften nicht verpflichtet oder berechtigt sind, einige Ihrer Personendaten aufzubewahren.<\/p>\n\n\n\n<p><strong>Dienste von Dritten<\/strong><\/p>\n\n\n\n<p>Wir verwenden Dienste von Dritten, um ben\u00f6tigte digitale Infrastruktur f\u00fcr unser Angebot nutzen zu k\u00f6nnen und um Inhalte in unsere Website einzubetten. F\u00fcr die Bearbeitung der Daten, die bei Interaktion mit einem solchen eingebetteten Dienst erhoben oder \u00fcbermittelt werden, ist in erster Linie der Anbieter des betreffenden Diensts verantwortlich. Wir verwenden insbesondere folgende Dienste von Dritten:<\/p>\n\n\n\n<p><strong>hosttech:<\/strong>\u00a0Hosting Anbieter; hosttech GmbH &#8211; Seestrasse 15a &#8211; 8805 Richterswil<\/p>\n\n\n\n<p><strong>WordPress.com:<\/strong>\u00a0Website-Baukasten; Automattic Inc. (USA) \/Aut O\u2019Mattic A8C Ireland Ltd. (Irland) f\u00fcr Nutzerinnen und Nutzer unter anderem auf dem europ\u00e4ischen Festland.<\/p>\n","protected":false},"excerpt":{"rendered":"<p>Impressum und Kontaktdaten des Verantwortlichen profine (Schweiz) AG Herblingerstrasse 119 CH-8207 Schaffhausen Tel.:&nbsp;+41 52 644 05 44 E-Mail:&nbsp;info.ch@profine-group.com Speicherdauer und Datenl\u00f6schung Wir speichern und bearbeiten Ihre Personendaten so lange, wie dies zur Erreichung des Zwecks ihrer Erhebung erforderlich oder gesetzlich vorgeschrieben ist. Danach werden Ihre Personendaten aus unseren Systemen gel\u00f6scht oder anonymisiert, sodass Sie nicht [&hellip;]<\/p>\n","protected":false},"author":1,"featured_media":0,"parent":0,"menu_order":0,"comment_status":"closed","ping_status":"closed","template":"","meta":{"footnotes":""},"class_list":["post-61","page","type-page","status-publish","hentry"],"_links":{"self":[{"href":"https:\/\/koemmerling-fenster.ch\/index.php\/wp-json\/wp\/v2\/pages\/61","targetHints":{"allow":["GET"]}}],"collection":[{"href":"https:\/\/koemmerling-fenster.ch\/index.php\/wp-json\/wp\/v2\/pages"}],"about":[{"href":"https:\/\/koemmerling-fenster.ch\/index.php\/wp-json\/wp\/v2\/types\/page"}],"author":[{"embeddable":true,"href":"https:\/\/koemmerling-fenster.ch\/index.php\/wp-json\/wp\/v2\/users\/1"}],"replies":[{"embeddable":true,"href":"https:\/\/koemmerling-fenster.ch\/index.php\/wp-json\/wp\/v2\/comments?post=61"}],"version-history":[{"count":1,"href":"https:\/\/koemmerling-fenster.ch\/index.php\/wp-json\/wp\/v2\/pages\/61\/revisions"}],"predecessor-version":[{"id":62,"href":"https:\/\/koemmerling-fenster.ch\/index.php\/wp-json\/wp\/v2\/pages\/61\/revisions\/62"}],"wp:attachment":[{"href":"https:\/\/koemmerling-fenster.ch\/index.php\/wp-json\/wp\/v2\/media?parent=61"}],"curies":[{"name":"wp","href":"https:\/\/api.w.org\/{rel}","templated":true}]}}